{"id":169,"date":"2022-01-22T15:23:35","date_gmt":"2022-01-22T15:23:35","guid":{"rendered":"https:\/\/generaltaxbusiness.com\/?page_id=169"},"modified":"2024-04-06T03:28:45","modified_gmt":"2024-04-06T03:28:45","slug":"services","status":"publish","type":"page","link":"https:\/\/generaltaxbusiness.com\/es\/services\/","title":{"rendered":"Servicios"},"content":{"rendered":"<div data-elementor-type=\"wp-page\" data-elementor-id=\"169\" class=\"elementor elementor-169\" data-elementor-settings=\"{&quot;ha_cmc_init_switcher&quot;:&quot;no&quot;}\">\n\t\t\t\t\t\t<section class=\"elementor-section elementor-top-section elementor-element elementor-element-1c23fc17 elementor-section-full_width elementor-section-stretched elementor-section-height-default elementor-section-height-default\" data-id=\"1c23fc17\" data-element_type=\"section\" data-e-type=\"section\" data-settings=\"{&quot;stretch_section&quot;:&quot;section-stretched&quot;,&quot;_ha_eqh_enable&quot;:false}\">\n\t\t\t\t\t\t<div class=\"elementor-container elementor-column-gap-default\">\n\t\t\t\t\t<div class=\"elementor-column elementor-col-100 elementor-top-column elementor-element elementor-element-1039370f\" data-id=\"1039370f\" data-element_type=\"column\" data-e-type=\"column\">\n\t\t\t<div class=\"elementor-widget-wrap elementor-element-populated\">\n\t\t\t\t\t\t<div class=\"elementor-element elementor-element-6394840d elementor-widget-divider--view-line elementor-widget elementor-widget-divider\" data-id=\"6394840d\" data-element_type=\"widget\" data-e-type=\"widget\" data-widget_type=\"divider.default\">\n\t\t\t\t<div class=\"elementor-widget-container\">\n\t\t\t\t\t\t\t<div class=\"elementor-divider\">\n\t\t\t<span class=\"elementor-divider-separator\">\n\t\t\t\t\t\t<\/span>\n\t\t<\/div>\n\t\t\t\t\t\t<\/div>\n\t\t\t\t<\/div>\n\t\t\t\t<div class=\"elementor-element elementor-element-64229db9 elementor-widget elementor-widget-heading\" data-id=\"64229db9\" data-element_type=\"widget\" data-e-type=\"widget\" data-widget_type=\"heading.default\">\n\t\t\t\t<div class=\"elementor-widget-container\">\n\t\t\t\t\t<h2 class=\"elementor-heading-title elementor-size-default\">Nuestros servicios<\/h2>\t\t\t\t<\/div>\n\t\t\t\t<\/div>\n\t\t\t\t<section class=\"elementor-section elementor-inner-section elementor-element elementor-element-caf1ce0 elementor-section-full_width elementor-section-height-default elementor-section-height-default\" data-id=\"caf1ce0\" data-element_type=\"section\" data-e-type=\"section\" data-settings=\"{&quot;_ha_eqh_enable&quot;:false}\">\n\t\t\t\t\t\t<div class=\"elementor-container elementor-column-gap-default\">\n\t\t\t\t\t<div class=\"elementor-column elementor-col-50 elementor-inner-column elementor-element elementor-element-ec37f45\" data-id=\"ec37f45\" data-element_type=\"column\" data-e-type=\"column\">\n\t\t\t<div class=\"elementor-widget-wrap elementor-element-populated\">\n\t\t\t\t\t\t<div class=\"elementor-element elementor-element-6bd53c3 elementor-widget elementor-widget-image\" data-id=\"6bd53c3\" data-element_type=\"widget\" data-e-type=\"widget\" data-widget_type=\"image.default\">\n\t\t\t\t<div class=\"elementor-widget-container\">\n\t\t\t\t\t\t\t\t\t\t\t\t\t\t\t<img fetchpriority=\"high\" decoding=\"async\" width=\"600\" height=\"600\" src=\"https:\/\/i0.wp.com\/generaltaxbusiness.com\/wp-content\/uploads\/2022\/01\/012.jpg?fit=600%2C600&amp;ssl=1\" class=\"attachment-large size-large wp-image-170\" alt=\"\" srcset=\"https:\/\/i0.wp.com\/generaltaxbusiness.com\/wp-content\/uploads\/2022\/01\/012.jpg?w=600&amp;ssl=1 600w, https:\/\/i0.wp.com\/generaltaxbusiness.com\/wp-content\/uploads\/2022\/01\/012.jpg?resize=300%2C300&amp;ssl=1 300w, https:\/\/i0.wp.com\/generaltaxbusiness.com\/wp-content\/uploads\/2022\/01\/012.jpg?resize=150%2C150&amp;ssl=1 150w\" sizes=\"(max-width: 600px) 100vw, 600px\" \/>\t\t\t\t\t\t\t\t\t\t\t\t\t\t\t<\/div>\n\t\t\t\t<\/div>\n\t\t\t\t\t<\/div>\n\t\t<\/div>\n\t\t\t\t<div class=\"elementor-column elementor-col-50 elementor-inner-column elementor-element elementor-element-5f78c08\" data-id=\"5f78c08\" data-element_type=\"column\" data-e-type=\"column\">\n\t\t\t<div class=\"elementor-widget-wrap elementor-element-populated\">\n\t\t\t\t\t\t<div class=\"elementor-element elementor-element-2b65e04 elementor-widget elementor-widget-heading\" data-id=\"2b65e04\" data-element_type=\"widget\" data-e-type=\"widget\" data-widget_type=\"heading.default\">\n\t\t\t\t<div class=\"elementor-widget-container\">\n\t\t\t\t\t<h2 class=\"elementor-heading-title elementor-size-default\">Preparaci\u00f3n de impuestos<\/h2>\t\t\t\t<\/div>\n\t\t\t\t<\/div>\n\t\t\t\t<div class=\"elementor-element elementor-element-2f141e9 elementor-widget elementor-widget-text-editor\" data-id=\"2f141e9\" data-element_type=\"widget\" data-e-type=\"widget\" data-widget_type=\"text-editor.default\">\n\t\t\t\t<div class=\"elementor-widget-container\">\n\t\t\t\t\t\t\t\t\t<h4>Las declaraciones de impuestos son un asunto serio.<\/h4><p>No conf\u00ede en preparadores sospechosos con un historial dudoso. Ll\u00e1menos hoy y no se sentir\u00e1 decepcionado. La preparaci\u00f3n de sus impuestos es una tarea muy delicada e importante. La exactitud es de suma importancia para asegurarse de que usted cumple con las regulaciones estatales y federales. Nos mantenemos al d\u00eda con todas las nuevas regulaciones del IRS, y utilizamos la \u00faltima y m\u00e1s actualizada tecnolog\u00eda de software con el fin de garantizar la precisi\u00f3n y la velocidad. Somos un proveedor de e-file autorizado por el IRS y un preparador registrado con PTIN. Esto significa que enviamos su declaraci\u00f3n de impuestos al IRS electr\u00f3nicamente. Esto acelera el procesamiento y evita la p\u00e9rdida de su declaraci\u00f3n en papel. No m\u00e1s sobres o la compra de sellos, con la presentaci\u00f3n electr\u00f3nica de su reembolso se procesa de forma r\u00e1pida y precisa.\n\nTraducci\u00f3n realizada con la versi\u00f3n gratuita del traductor www.DeepL.com\/Translator<br \/>Estos son los servicios de declaraci\u00f3n de impuestos que ofrecemos:<\/p><p><strong>Personal:<\/strong><\/p><ul><li>Individuos<\/li><li>Aut\u00f3nomos<\/li><li>Personas jubiladas<\/li><li>Estudiantes<\/li><\/ul><p>Negocios:<\/p><ul><li>Sociedades An\u00f3nimas: C-Corp y S-Corp<\/li><li>Sociedades de Responsabilidad Limitada<\/li><li>Asociaciones<\/li><li>Anexo C - Empresas unipersonales<\/li><li>Anexo E - Alquileres y c\u00e1nones<\/li><\/ul>\t\t\t\t\t\t\t\t<\/div>\n\t\t\t\t<\/div>\n\t\t\t\t\t<\/div>\n\t\t<\/div>\n\t\t\t\t\t<\/div>\n\t\t<\/section>\n\t\t\t\t\t<\/div>\n\t\t<\/div>\n\t\t\t\t\t<\/div>\n\t\t<\/section>\n\t\t\t\t<section class=\"elementor-section elementor-top-section elementor-element elementor-element-e92eae0 elementor-section-boxed elementor-section-height-default elementor-section-height-default\" data-id=\"e92eae0\" data-element_type=\"section\" data-e-type=\"section\" data-settings=\"{&quot;background_background&quot;:&quot;classic&quot;,&quot;_ha_eqh_enable&quot;:false}\">\n\t\t\t\t\t\t<div class=\"elementor-container elementor-column-gap-default\">\n\t\t\t\t\t<div class=\"elementor-column elementor-col-50 elementor-top-column elementor-element elementor-element-7e52ab9\" data-id=\"7e52ab9\" data-element_type=\"column\" data-e-type=\"column\">\n\t\t\t<div class=\"elementor-widget-wrap elementor-element-populated\">\n\t\t\t\t\t\t<div class=\"elementor-element elementor-element-a956d12 elementor-widget elementor-widget-heading\" data-id=\"a956d12\" data-element_type=\"widget\" data-e-type=\"widget\" data-widget_type=\"heading.default\">\n\t\t\t\t<div class=\"elementor-widget-container\">\n\t\t\t\t\t<h2 class=\"elementor-heading-title elementor-size-default\">Contabilidad <\/h2>\t\t\t\t<\/div>\n\t\t\t\t<\/div>\n\t\t\t\t<div class=\"elementor-element elementor-element-2d9c56d elementor-widget elementor-widget-text-editor\" data-id=\"2d9c56d\" data-element_type=\"widget\" data-e-type=\"widget\" data-widget_type=\"text-editor.default\">\n\t\t\t\t<div class=\"elementor-widget-container\">\n\t\t\t\t\t\t\t\t\t<p><strong>Servicios de contabilidad en Orlando<\/strong><br \/>Mantener registros financieros precisos es muy importante para el \u00e9xito de su negocio. General Tax Business LLC Services es una empresa de contabilidad de carga completa comprometida a servirle proporcionando informaci\u00f3n precisa y fiable. La fiabilidad y puntualidad de esta informaci\u00f3n es crucial para ayudarle a tomar decisiones empresariales inteligentes. Nuestros servicios incluyen:<\/p><ul><li style=\"font-weight: 400;\" aria-level=\"1\">Contabilidad general<\/li><li style=\"font-weight: 400;\" aria-level=\"1\">Cuentas por cobrar<\/li><li style=\"font-weight: 400;\" aria-level=\"1\">Cuentas por pagar<\/li><li style=\"font-weight: 400;\" aria-level=\"1\">Contabilidad de activos fijos<\/li><li style=\"font-weight: 400;\" aria-level=\"1\">Informaci\u00f3n financiera - No de prueba<\/li><li style=\"font-weight: 400;\" aria-level=\"1\">Conciliaci\u00f3n de cuentas bancarias<\/li><li style=\"font-weight: 400;\" aria-level=\"1\">Conciliaci\u00f3n y an\u00e1lisis<\/li><\/ul><p>Con una contabilidad adecuada puede planificar la preparaci\u00f3n de los impuestos de fin de a\u00f1o; puede gestionar el flujo de caja de manera m\u00e1s eficiente; reducir su responsabilidad fiscal mediante la elaboraci\u00f3n de estrategias; aumentar los beneficios mediante la identificaci\u00f3n de las categor\u00edas de gastos espec\u00edficos que deben ser abordados; y la paz de la mente, sabiendo que usted tiene el control sobre cada una de las actividades de su negocio. Nos esmeramos en proporcionarle la informaci\u00f3n necesaria para el crecimiento y el \u00e9xito de su negocio.\n\nTraducci\u00f3n realizada con la versi\u00f3n gratuita del traductor www.DeepL.com\/Translator<\/p>\t\t\t\t\t\t\t\t<\/div>\n\t\t\t\t<\/div>\n\t\t\t\t\t<\/div>\n\t\t<\/div>\n\t\t\t\t<div class=\"elementor-column elementor-col-50 elementor-top-column elementor-element elementor-element-e884bae\" data-id=\"e884bae\" data-element_type=\"column\" data-e-type=\"column\">\n\t\t\t<div class=\"elementor-widget-wrap elementor-element-populated\">\n\t\t\t\t\t\t<div class=\"elementor-element elementor-element-0f53458 elementor-widget elementor-widget-image\" data-id=\"0f53458\" data-element_type=\"widget\" data-e-type=\"widget\" data-widget_type=\"image.default\">\n\t\t\t\t<div class=\"elementor-widget-container\">\n\t\t\t\t\t\t\t\t\t\t\t\t\t\t\t<img decoding=\"async\" src=\"https:\/\/i0.wp.com\/generaltaxbusiness.com\/wp-content\/uploads\/2022\/01\/AdobeStock_125767067.jpeg?fit=540%2C600&#038;ssl=1\" title=\"AdobeStock_125767067\" alt=\"AdobeStock_125767067\" loading=\"lazy\" \/>\t\t\t\t\t\t\t\t\t\t\t\t\t\t\t<\/div>\n\t\t\t\t<\/div>\n\t\t\t\t\t<\/div>\n\t\t<\/div>\n\t\t\t\t\t<\/div>\n\t\t<\/section>\n\t\t\t\t<section class=\"elementor-section elementor-top-section elementor-element elementor-element-45908cf elementor-section-boxed elementor-section-height-default elementor-section-height-default\" data-id=\"45908cf\" data-element_type=\"section\" data-e-type=\"section\" data-settings=\"{&quot;_ha_eqh_enable&quot;:false}\">\n\t\t\t\t\t\t<div class=\"elementor-container elementor-column-gap-default\">\n\t\t\t\t\t<div class=\"elementor-column elementor-col-50 elementor-top-column elementor-element elementor-element-2d59ba6\" data-id=\"2d59ba6\" data-element_type=\"column\" data-e-type=\"column\">\n\t\t\t<div class=\"elementor-widget-wrap elementor-element-populated\">\n\t\t\t\t\t\t<div class=\"elementor-element elementor-element-2afe868 elementor-widget elementor-widget-image\" data-id=\"2afe868\" data-element_type=\"widget\" data-e-type=\"widget\" data-widget_type=\"image.default\">\n\t\t\t\t<div class=\"elementor-widget-container\">\n\t\t\t\t\t\t\t\t\t\t\t\t\t\t\t<img decoding=\"async\" width=\"502\" height=\"502\" src=\"https:\/\/i0.wp.com\/generaltaxbusiness.com\/wp-content\/uploads\/2022\/01\/Flags-of-nations.jpg?fit=502%2C502&amp;ssl=1\" class=\"attachment-large size-large wp-image-176\" alt=\"\" \/>\t\t\t\t\t\t\t\t\t\t\t\t\t\t\t<\/div>\n\t\t\t\t<\/div>\n\t\t\t\t\t<\/div>\n\t\t<\/div>\n\t\t\t\t<div class=\"elementor-column elementor-col-50 elementor-top-column elementor-element elementor-element-cd651d9\" data-id=\"cd651d9\" data-element_type=\"column\" data-e-type=\"column\">\n\t\t\t<div class=\"elementor-widget-wrap elementor-element-populated\">\n\t\t\t\t\t\t<div class=\"elementor-element elementor-element-cba5165 elementor-widget elementor-widget-heading\" data-id=\"cba5165\" data-element_type=\"widget\" data-e-type=\"widget\" data-widget_type=\"heading.default\">\n\t\t\t\t<div class=\"elementor-widget-container\">\n\t\t\t\t\t<h2 class=\"elementor-heading-title elementor-size-default\">Servicios de inmigraci\u00f3n<\/h2>\t\t\t\t<\/div>\n\t\t\t\t<\/div>\n\t\t\t\t<div class=\"elementor-element elementor-element-c05f118 elementor-widget elementor-widget-text-editor\" data-id=\"c05f118\" data-element_type=\"widget\" data-e-type=\"widget\" data-widget_type=\"text-editor.default\">\n\t\t\t\t<div class=\"elementor-widget-container\">\n\t\t\t\t\t\t\t\t\t<p>Cuestiones generales<br \/>Formularios de inmigraci\u00f3n<br \/>Visados para Estados Unidos - Visados familiares - Visados de trabajo<br \/>Visados de estudiante y de visitante<br \/>Tarjetas verdes<br \/>Ciudadan\u00eda estadounidense<br \/>Pasaporte de EE.UU.<br \/>El Dream Act.<\/p><p><strong>No legal advice<\/strong>\u00a0<\/p>\t\t\t\t\t\t\t\t<\/div>\n\t\t\t\t<\/div>\n\t\t\t\t\t<\/div>\n\t\t<\/div>\n\t\t\t\t\t<\/div>\n\t\t<\/section>\n\t\t\t\t<section class=\"elementor-section elementor-top-section elementor-element elementor-element-a0a738a elementor-section-boxed elementor-section-height-default elementor-section-height-default\" data-id=\"a0a738a\" data-element_type=\"section\" data-e-type=\"section\" data-settings=\"{&quot;_ha_eqh_enable&quot;:false}\">\n\t\t\t\t\t\t<div class=\"elementor-container elementor-column-gap-default\">\n\t\t\t\t\t<div class=\"elementor-column elementor-col-50 elementor-top-column elementor-element elementor-element-8cfc90a\" data-id=\"8cfc90a\" data-element_type=\"column\" data-e-type=\"column\">\n\t\t\t<div class=\"elementor-widget-wrap elementor-element-populated\">\n\t\t\t\t\t\t<div class=\"elementor-element elementor-element-06bf31f elementor-widget elementor-widget-image\" data-id=\"06bf31f\" data-element_type=\"widget\" data-e-type=\"widget\" data-widget_type=\"image.default\">\n\t\t\t\t<div class=\"elementor-widget-container\">\n\t\t\t\t\t\t\t\t\t\t\t\t\t\t\t<img decoding=\"async\" width=\"1024\" height=\"683\" src=\"https:\/\/i0.wp.com\/generaltaxbusiness.com\/wp-content\/uploads\/2022\/01\/productivity-hacks-scaled.jpg?fit=1024%2C683&amp;ssl=1\" class=\"attachment-large size-large wp-image-179\" alt=\"\" srcset=\"https:\/\/i0.wp.com\/generaltaxbusiness.com\/wp-content\/uploads\/2022\/01\/productivity-hacks-scaled.jpg?w=2560&amp;ssl=1 2560w, https:\/\/i0.wp.com\/generaltaxbusiness.com\/wp-content\/uploads\/2022\/01\/productivity-hacks-scaled.jpg?resize=300%2C200&amp;ssl=1 300w, https:\/\/i0.wp.com\/generaltaxbusiness.com\/wp-content\/uploads\/2022\/01\/productivity-hacks-scaled.jpg?resize=1024%2C683&amp;ssl=1 1024w, https:\/\/i0.wp.com\/generaltaxbusiness.com\/wp-content\/uploads\/2022\/01\/productivity-hacks-scaled.jpg?resize=768%2C512&amp;ssl=1 768w, https:\/\/i0.wp.com\/generaltaxbusiness.com\/wp-content\/uploads\/2022\/01\/productivity-hacks-scaled.jpg?w=2400&amp;ssl=1 2400w\" sizes=\"(max-width: 1024px) 100vw, 1024px\" \/>\t\t\t\t\t\t\t\t\t\t\t\t\t\t\t<\/div>\n\t\t\t\t<\/div>\n\t\t\t\t\t<\/div>\n\t\t<\/div>\n\t\t\t\t<div class=\"elementor-column elementor-col-50 elementor-top-column elementor-element elementor-element-e123757\" data-id=\"e123757\" data-element_type=\"column\" data-e-type=\"column\">\n\t\t\t<div class=\"elementor-widget-wrap elementor-element-populated\">\n\t\t\t\t\t\t<div class=\"elementor-element elementor-element-eac42fb elementor-widget elementor-widget-heading\" data-id=\"eac42fb\" data-element_type=\"widget\" data-e-type=\"widget\" data-widget_type=\"heading.default\">\n\t\t\t\t<div class=\"elementor-widget-container\">\n\t\t\t\t\t<h2 class=\"elementor-heading-title elementor-size-default\">Formularios de Hacienda <\/h2>\t\t\t\t<\/div>\n\t\t\t\t<\/div>\n\t\t\t\t<div class=\"elementor-element elementor-element-a09f3d6 elementor-widget elementor-widget-text-editor\" data-id=\"a09f3d6\" data-element_type=\"widget\" data-e-type=\"widget\" data-widget_type=\"text-editor.default\">\n\t\t\t\t<div class=\"elementor-widget-container\">\n\t\t\t\t\t\t\t\t\t<h5><b>Utilice el formulario W-7 para solicitar un ITIN<\/b><\/h5><p>Use Form W-7 to apply for an IRS individual taxpayer identification number (ITIN). An ITIN is a nine-digit number issued by the U.S. Internal Revenue Service (IRS) to individuals who are required for U.S. tax purposes to have a U.S. taxpayer identification number but who do not have and are not eligible to get a social security number (SSN).<\/p>\t\t\t\t\t\t\t\t<\/div>\n\t\t\t\t<\/div>\n\t\t\t\t\t<\/div>\n\t\t<\/div>\n\t\t\t\t\t<\/div>\n\t\t<\/section>\n\t\t\t\t<section class=\"elementor-section elementor-top-section elementor-element elementor-element-e2c6c1d elementor-section-boxed elementor-section-height-default elementor-section-height-default\" data-id=\"e2c6c1d\" data-element_type=\"section\" data-e-type=\"section\" data-settings=\"{&quot;background_background&quot;:&quot;classic&quot;,&quot;_ha_eqh_enable&quot;:false}\">\n\t\t\t\t\t\t<div class=\"elementor-container elementor-column-gap-default\">\n\t\t\t\t\t<div class=\"elementor-column elementor-col-50 elementor-top-column elementor-element elementor-element-b9b4727\" data-id=\"b9b4727\" data-element_type=\"column\" data-e-type=\"column\">\n\t\t\t<div class=\"elementor-widget-wrap elementor-element-populated\">\n\t\t\t\t\t\t<div class=\"elementor-element elementor-element-c95c506 elementor-widget elementor-widget-heading\" data-id=\"c95c506\" data-element_type=\"widget\" data-e-type=\"widget\" data-widget_type=\"heading.default\">\n\t\t\t\t<div class=\"elementor-widget-container\">\n\t\t\t\t\t<h2 class=\"elementor-heading-title elementor-size-default\">Notario <\/h2>\t\t\t\t<\/div>\n\t\t\t\t<\/div>\n\t\t\t\t<div class=\"elementor-element elementor-element-936997f elementor-widget elementor-widget-text-editor\" data-id=\"936997f\" data-element_type=\"widget\" data-e-type=\"widget\" data-widget_type=\"text-editor.default\">\n\t\t\t\t<div class=\"elementor-widget-container\">\n\t\t\t\t\t\t\t\t\t<h5><b>Ofrecemos los siguientes servicios notariales:<\/b><\/h5><p>Notario y Agentes de Firma Notarial; toma de huellas dactilares. Amigable y organizado, Notariamos poderes, documentos comerciales, declaraciones juradas, documentos de inmigraci\u00f3n y documentos de pr\u00e9stamos, etc.<\/p>\t\t\t\t\t\t\t\t<\/div>\n\t\t\t\t<\/div>\n\t\t\t\t\t<\/div>\n\t\t<\/div>\n\t\t\t\t<div class=\"elementor-column elementor-col-50 elementor-top-column elementor-element elementor-element-cbf0ca9\" data-id=\"cbf0ca9\" data-element_type=\"column\" data-e-type=\"column\">\n\t\t\t<div class=\"elementor-widget-wrap elementor-element-populated\">\n\t\t\t\t\t\t<div class=\"elementor-element elementor-element-484020c elementor-widget elementor-widget-image\" data-id=\"484020c\" data-element_type=\"widget\" data-e-type=\"widget\" data-widget_type=\"image.default\">\n\t\t\t\t<div class=\"elementor-widget-container\">\n\t\t\t\t\t\t\t\t\t\t\t\t\t\t\t<img loading=\"lazy\" decoding=\"async\" width=\"409\" height=\"409\" src=\"https:\/\/i0.wp.com\/generaltaxbusiness.com\/wp-content\/uploads\/2022\/01\/istockphoto-506603586-612x612-1.jpg?fit=409%2C409&amp;ssl=1\" class=\"attachment-large size-large wp-image-180\" alt=\"\" \/>\t\t\t\t\t\t\t\t\t\t\t\t\t\t\t<\/div>\n\t\t\t\t<\/div>\n\t\t\t\t\t<\/div>\n\t\t<\/div>\n\t\t\t\t\t<\/div>\n\t\t<\/section>\n\t\t\t\t<section class=\"elementor-section elementor-top-section elementor-element elementor-element-175625e elementor-section-boxed elementor-section-height-default elementor-section-height-default\" data-id=\"175625e\" data-element_type=\"section\" data-e-type=\"section\" data-settings=\"{&quot;_ha_eqh_enable&quot;:false}\">\n\t\t\t\t\t\t<div class=\"elementor-container elementor-column-gap-default\">\n\t\t\t\t\t<div class=\"elementor-column elementor-col-50 elementor-top-column elementor-element elementor-element-0dd81e9\" data-id=\"0dd81e9\" data-element_type=\"column\" data-e-type=\"column\">\n\t\t\t<div class=\"elementor-widget-wrap elementor-element-populated\">\n\t\t\t\t\t\t<div class=\"elementor-element elementor-element-1129941 elementor-widget elementor-widget-image\" data-id=\"1129941\" data-element_type=\"widget\" data-e-type=\"widget\" data-widget_type=\"image.default\">\n\t\t\t\t<div class=\"elementor-widget-container\">\n\t\t\t\t\t\t\t\t\t\t\t\t\t\t\t<img loading=\"lazy\" decoding=\"async\" width=\"339\" height=\"339\" src=\"https:\/\/i0.wp.com\/generaltaxbusiness.com\/wp-content\/uploads\/2022\/03\/insurance.jpg?fit=339%2C339&amp;ssl=1\" class=\"attachment-large size-large wp-image-322\" alt=\"\" \/>\t\t\t\t\t\t\t\t\t\t\t\t\t\t\t<\/div>\n\t\t\t\t<\/div>\n\t\t\t\t\t<\/div>\n\t\t<\/div>\n\t\t\t\t<div class=\"elementor-column elementor-col-50 elementor-top-column elementor-element elementor-element-37b87e5\" data-id=\"37b87e5\" data-element_type=\"column\" data-e-type=\"column\">\n\t\t\t<div class=\"elementor-widget-wrap elementor-element-populated\">\n\t\t\t\t\t\t<div class=\"elementor-element elementor-element-9d5aef7 elementor-widget elementor-widget-heading\" data-id=\"9d5aef7\" data-element_type=\"widget\" data-e-type=\"widget\" data-widget_type=\"heading.default\">\n\t\t\t\t<div class=\"elementor-widget-container\">\n\t\t\t\t\t<h2 class=\"elementor-heading-title elementor-size-default\">Insurance Services <\/h2>\t\t\t\t<\/div>\n\t\t\t\t<\/div>\n\t\t\t\t<div class=\"elementor-element elementor-element-ec37e88 elementor-widget elementor-widget-text-editor\" data-id=\"ec37e88\" data-element_type=\"widget\" data-e-type=\"widget\" data-widget_type=\"text-editor.default\">\n\t\t\t\t<div class=\"elementor-widget-container\">\n\t\t\t\t\t\t\t\t\t<p>As an independent agent, we represent many insurance companies. Our role is to serve as a trusted advisor. We will consult with you to help you understand your needs and exposures and find the coverage, service and value for your unique situation. We will:<\/p><ul><li>Identify the insurance services that are right for you<\/li><li>Guide you through the claims process for a quick and fair resolution<\/li><li>Counsel you on matters related to your coverage or account<\/li><li>Provide prompt service with a unique personal touch<\/li><\/ul><p>We won\u2019t simply sell you a product\u2014we will be a resource you can count on to look out for your best interests.<\/p>\t\t\t\t\t\t\t\t<\/div>\n\t\t\t\t<\/div>\n\t\t\t\t\t<\/div>\n\t\t<\/div>\n\t\t\t\t\t<\/div>\n\t\t<\/section>\n\t\t\t\t<\/div>","protected":false},"excerpt":{"rendered":"<p>Our Services Tax Preparation Tax filings are serious business. Don&#8217;t rely on shady preparers with a questionable track record. Call us today, and you won&#8217;t be disappointed. Preparing your taxes is a very delicate and important task. Accuracy is of the utmost importance in making sure that you are compliant with state and federal regulations. [&hellip;]<\/p>\n","protected":false},"author":3,"featured_media":0,"parent":0,"menu_order":0,"comment_status":"closed","ping_status":"closed","template":"","meta":{"nf_dc_page":"","site-sidebar-layout":"no-sidebar","site-content-layout":"page-builder","ast-site-content-layout":"default","site-content-style":"default","site-sidebar-style":"default","ast-global-header-display":"","ast-banner-title-visibility":"","ast-main-header-display":"","ast-hfb-above-header-display":"","ast-hfb-below-header-display":"","ast-hfb-mobile-header-display":"","site-post-title":"disabled","ast-breadcrumbs-content":"","ast-featured-img":"disabled","footer-sml-layout":"","ast-disable-related-posts":"","theme-transparent-header-meta":"","adv-header-id-meta":"","stick-header-meta":"","header-above-stick-meta":"","header-main-stick-meta":"","header-below-stick-meta":"","astra-migrate-meta-layouts":"default","ast-page-background-enabled":"default","ast-page-background-meta":{"desktop":{"background-color":"var(--ast-global-color-4)","background-image":"","background-repeat":"repeat","background-position":"center center","background-size":"auto","background-attachment":"scroll","background-type":"","background-media":"","overlay-type":"","overlay-color":"","overlay-opacity":"","overlay-gradient":""},"tablet":{"background-color":"","background-image":"","background-repeat":"repeat","background-position":"center center","background-size":"auto","background-attachment":"scroll","background-type":"","background-media":"","overlay-type":"","overlay-color":"","overlay-opacity":"","overlay-gradient":""},"mobile":{"background-color":"","background-image":"","background-repeat":"repeat","background-position":"center center","background-size":"auto","background-attachment":"scroll","background-type":"","background-media":"","overlay-type":"","overlay-color":"","overlay-opacity":"","overlay-gradient":""}},"ast-content-background-meta":{"desktop":{"background-color":"var(--ast-global-color-5)","background-image":"","background-repeat":"repeat","background-position":"center center","background-size":"auto","background-attachment":"scroll","background-type":"","background-media":"","overlay-type":"","overlay-color":"","overlay-opacity":"","overlay-gradient":""},"tablet":{"background-color":"var(--ast-global-color-5)","background-image":"","background-repeat":"repeat","background-position":"center center","background-size":"auto","background-attachment":"scroll","background-type":"","background-media":"","overlay-type":"","overlay-color":"","overlay-opacity":"","overlay-gradient":""},"mobile":{"background-color":"var(--ast-global-color-5)","background-image":"","background-repeat":"repeat","background-position":"center center","background-size":"auto","background-attachment":"scroll","background-type":"","background-media":"","overlay-type":"","overlay-color":"","overlay-opacity":"","overlay-gradient":""}},"footnotes":""},"class_list":["post-169","page","type-page","status-publish","hentry"],"jetpack_sharing_enabled":true,"rttpg_featured_image_url":null,"rttpg_author":{"display_name":"Jean Tiodace","author_link":"https:\/\/generaltaxbusiness.com\/es\/author\/jeantiodace\/"},"rttpg_comment":0,"rttpg_category":null,"rttpg_excerpt":"Our Services Tax Preparation Tax filings are serious business. Don&#8217;t rely on shady preparers with a questionable track record. Call us today, and you won&#8217;t be disappointed. Preparing your taxes is a very delicate and important task. Accuracy is of the utmost importance in making sure that you are compliant with state and federal regulations.&hellip;","_links":{"self":[{"href":"https:\/\/generaltaxbusiness.com\/es\/wp-json\/wp\/v2\/pages\/169","targetHints":{"allow":["GET"]}}],"collection":[{"href":"https:\/\/generaltaxbusiness.com\/es\/wp-json\/wp\/v2\/pages"}],"about":[{"href":"https:\/\/generaltaxbusiness.com\/es\/wp-json\/wp\/v2\/types\/page"}],"author":[{"embeddable":true,"href":"https:\/\/generaltaxbusiness.com\/es\/wp-json\/wp\/v2\/users\/3"}],"replies":[{"embeddable":true,"href":"https:\/\/generaltaxbusiness.com\/es\/wp-json\/wp\/v2\/comments?post=169"}],"version-history":[{"count":5,"href":"https:\/\/generaltaxbusiness.com\/es\/wp-json\/wp\/v2\/pages\/169\/revisions"}],"predecessor-version":[{"id":685,"href":"https:\/\/generaltaxbusiness.com\/es\/wp-json\/wp\/v2\/pages\/169\/revisions\/685"}],"wp:attachment":[{"href":"https:\/\/generaltaxbusiness.com\/es\/wp-json\/wp\/v2\/media?parent=169"}],"curies":[{"name":"wp","href":"https:\/\/api.w.org\/{rel}","templated":true}]}}